{"id":800,"date":"2022-04-08T15:26:06","date_gmt":"2022-04-08T15:26:06","guid":{"rendered":"http:\/\/cm-cantanhede.pt\/rbc\/?page_id=800"},"modified":"2022-05-03T08:32:11","modified_gmt":"2022-05-03T08:32:11","slug":"noticias","status":"publish","type":"page","link":"https:\/\/rbc.cm-cantanhede.pt\/?page_id=800","title":{"rendered":"Not\u00edcias"},"content":{"rendered":"\n<div class=\"wp-block-columns is-layout-flex wp-container-core-columns-is-layout-9d6595d7 wp-block-columns-is-layout-flex\">\n<div class=\"wp-block-column is-layout-flow wp-block-column-is-layout-flow\"><ul class=\"wp-block-latest-posts__list has-dates wp-block-latest-posts\"><li><a class=\"wp-block-latest-posts__post-title\" href=\"https:\/\/rbc.cm-cantanhede.pt\/?p=1405\">No audit\u00f3rio do Centro Social e Paroquial de S. Pedro<\/a><time datetime=\"2026-02-11T17:01:29+00:00\" class=\"wp-block-latest-posts__post-date\">11 de Fevereiro, 2026<\/time><div class=\"wp-block-latest-posts__post-excerpt\">Companhia de Teatro ETCetera representa \u201cOs Maias: epis\u00f3dios da vida rom\u00e2ntica\u201d Mais de duas centenas de alunos do 11\u00ba ano assistiram, no dia 9 de fevereiro, \u00e0 representa\u00e7\u00e3o teatral da&hellip;<a href=\"https:\/\/rbc.cm-cantanhede.pt\/?p=1405\" class=\"more-link\"><span class=\"more-button\">Continuar a ler&#8230;<span class=\"screen-reader-text\">No audit\u00f3rio do Centro Social e Paroquial de S. Pedro<\/span><\/span><\/a><\/div><\/li>\n<li><a class=\"wp-block-latest-posts__post-title\" href=\"https:\/\/rbc.cm-cantanhede.pt\/?p=1357\">Companhia Teatro da Besta representou em Febres e Cantanhede a pe\u00e7a \u201cA Hist\u00f3ria de Portugal de pantanas\u201d<\/a><time datetime=\"2026-02-03T12:08:44+00:00\" class=\"wp-block-latest-posts__post-date\">3 de Fevereiro, 2026<\/time><div class=\"wp-block-latest-posts__post-excerpt\">Companhia Teatro da Besta representou em Febres e Cantanhede a pe\u00e7a \u201cA Hist\u00f3ria de Portugal de pantanas&#8221; Cerca de 280 alunos do concelho assistiram, no dia 27 de janeiro, \u00e0&hellip;<a href=\"https:\/\/rbc.cm-cantanhede.pt\/?p=1357\" class=\"more-link\"><span class=\"more-button\">Continuar a ler&#8230;<span class=\"screen-reader-text\">Companhia Teatro da Besta representou em Febres e Cantanhede a pe\u00e7a \u201cA Hist\u00f3ria de Portugal de pantanas\u201d<\/span><\/span><\/a><\/div><\/li>\n<li><div class=\"wp-block-latest-posts__featured-image\"><a href=\"https:\/\/rbc.cm-cantanhede.pt\/?p=1346\" aria-label=\"No audit\u00f3rio do Centro Paroquial de S. Pedro, em Cantanhede\"><img fetchpriority=\"high\" decoding=\"async\" width=\"300\" height=\"181\" src=\"https:\/\/rbc.cm-cantanhede.pt\/wp-content\/uploads\/2026\/01\/1-1.jpg\" class=\"attachment-medium size-medium wp-post-image\" alt=\"\" style=\"\" \/><\/a><\/div><a class=\"wp-block-latest-posts__post-title\" href=\"https:\/\/rbc.cm-cantanhede.pt\/?p=1346\">No audit\u00f3rio do Centro Paroquial de S. Pedro, em Cantanhede<\/a><time datetime=\"2026-01-23T11:26:27+00:00\" class=\"wp-block-latest-posts__post-date\">23 de Janeiro, 2026<\/time><div class=\"wp-block-latest-posts__post-excerpt\">Companhia de Teatro ETCetera representou o Auto da Barca do Inferno Cerca de duas centenas e meia de alunos do 9.\u00ba ano assistiram, no dia 12 de janeiro, \u00e0 representa\u00e7\u00e3o&hellip;<a href=\"https:\/\/rbc.cm-cantanhede.pt\/?p=1346\" class=\"more-link\"><span class=\"more-button\">Continuar a ler&#8230;<span class=\"screen-reader-text\">No audit\u00f3rio do Centro Paroquial de S. Pedro, em Cantanhede<\/span><\/span><\/a><\/div><\/li>\n<li><div class=\"wp-block-latest-posts__featured-image\"><a href=\"https:\/\/rbc.cm-cantanhede.pt\/?p=1338\" aria-label=\"Companhia Profissional de Teatro Educa representou em Cantanhede o conto \u201cO Cavaleiro da Dinamarca\u201d\"><img decoding=\"async\" width=\"300\" height=\"226\" src=\"https:\/\/rbc.cm-cantanhede.pt\/wp-content\/uploads\/2026\/01\/1.jpg\" class=\"attachment-medium size-medium wp-post-image\" alt=\"\" style=\"\" \/><\/a><\/div><a class=\"wp-block-latest-posts__post-title\" href=\"https:\/\/rbc.cm-cantanhede.pt\/?p=1338\">Companhia Profissional de Teatro Educa representou em Cantanhede o conto \u201cO Cavaleiro da Dinamarca\u201d<\/a><time datetime=\"2026-01-09T11:34:26+00:00\" class=\"wp-block-latest-posts__post-date\">9 de Janeiro, 2026<\/time><div class=\"wp-block-latest-posts__post-excerpt\">Cerca de 250 alunos estiveram presentes no audit\u00f3rio do Centro Paroquial de S. Pedro, em Cantanhede, no dia 8 de janeiro, para assistir a duas sess\u00f5es da representa\u00e7\u00e3o de \u201cO&hellip;<a href=\"https:\/\/rbc.cm-cantanhede.pt\/?p=1338\" class=\"more-link\"><span class=\"more-button\">Continuar a ler&#8230;<span class=\"screen-reader-text\">Companhia Profissional de Teatro Educa representou em Cantanhede o conto \u201cO Cavaleiro da Dinamarca\u201d<\/span><\/span><\/a><\/div><\/li>\n<li><div class=\"wp-block-latest-posts__featured-image\"><a href=\"https:\/\/rbc.cm-cantanhede.pt\/?p=1334\" aria-label=\"Biblioteca Municipal de Cantanhede, no atual edif\u00edcio, assinalou 33 anos\"><img decoding=\"async\" width=\"300\" height=\"226\" src=\"https:\/\/rbc.cm-cantanhede.pt\/wp-content\/uploads\/2025\/09\/BibliotecaMunicipal.jpg\" class=\"attachment-medium size-medium wp-post-image\" alt=\"\" style=\"\" \/><\/a><\/div><a class=\"wp-block-latest-posts__post-title\" href=\"https:\/\/rbc.cm-cantanhede.pt\/?p=1334\">Biblioteca Municipal de Cantanhede, no atual edif\u00edcio, assinalou 33 anos<\/a><time datetime=\"2025-09-26T09:29:53+00:00\" class=\"wp-block-latest-posts__post-date\">26 de Setembro, 2025<\/time><div class=\"wp-block-latest-posts__post-excerpt\">A Biblioteca Municipal de Cantanhede abriu as portas ao p\u00fablico no atual edif\u00edcio, a 21 de setembro de 1992, Dia de S\u00e3o Mateus. A inaugura\u00e7\u00e3o formal decorreu a 25 de&hellip;<a href=\"https:\/\/rbc.cm-cantanhede.pt\/?p=1334\" class=\"more-link\"><span class=\"more-button\">Continuar a ler&#8230;<span class=\"screen-reader-text\">Biblioteca Municipal de Cantanhede, no atual edif\u00edcio, assinalou 33 anos<\/span><\/span><\/a><\/div><\/li>\n<\/ul><\/div>\n\n\n\n<div class=\"wp-block-column is-layout-flow wp-block-column-is-layout-flow\">\n<p class=\"has-text-align-right\"><strong>Etiquetas<\/strong><\/p>\n\n\n<p class=\"alignright wp-block-tag-cloud\"><a href=\"https:\/\/rbc.cm-cantanhede.pt\/?tag=lereumrisco\" class=\"tag-cloud-link tag-link-15 tag-link-position-1\" style=\"font-size: 8pt;\" aria-label=\"@Lereumrisco (1 item)\">@Lereumrisco<\/a>\n<a href=\"https:\/\/rbc.cm-cantanhede.pt\/?tag=aprendizinvestigador\" class=\"tag-cloud-link tag-link-12 tag-link-position-2\" style=\"font-size: 8pt;\" aria-label=\"aprendizinvestigador (1 item)\">aprendizinvestigador<\/a><\/p><\/div>\n<\/div>\n\n\n\n<div class=\"wp-block-columns is-layout-flex wp-container-core-columns-is-layout-9d6595d7 wp-block-columns-is-layout-flex\">\n<div class=\"wp-block-column is-layout-flow wp-block-column-is-layout-flow\"><\/div>\n<\/div>\n","protected":false},"excerpt":{"rendered":"<p>Etiquetas<\/p>\n","protected":false},"author":1,"featured_media":0,"parent":0,"menu_order":0,"comment_status":"closed","ping_status":"closed","template":"","meta":{"footnotes":""},"class_list":["post-800","page","type-page","status-publish","hentry"],"_links":{"self":[{"href":"https:\/\/rbc.cm-cantanhede.pt\/index.php?rest_route=\/wp\/v2\/pages\/800","targetHints":{"allow":["GET"]}}],"collection":[{"href":"https:\/\/rbc.cm-cantanhede.pt\/index.php?rest_route=\/wp\/v2\/pages"}],"about":[{"href":"https:\/\/rbc.cm-cantanhede.pt\/index.php?rest_route=\/wp\/v2\/types\/page"}],"author":[{"embeddable":true,"href":"https:\/\/rbc.cm-cantanhede.pt\/index.php?rest_route=\/wp\/v2\/users\/1"}],"replies":[{"embeddable":true,"href":"https:\/\/rbc.cm-cantanhede.pt\/index.php?rest_route=%2Fwp%2Fv2%2Fcomments&post=800"}],"version-history":[{"count":24,"href":"https:\/\/rbc.cm-cantanhede.pt\/index.php?rest_route=\/wp\/v2\/pages\/800\/revisions"}],"predecessor-version":[{"id":914,"href":"https:\/\/rbc.cm-cantanhede.pt\/index.php?rest_route=\/wp\/v2\/pages\/800\/revisions\/914"}],"wp:attachment":[{"href":"https:\/\/rbc.cm-cantanhede.pt\/index.php?rest_route=%2Fwp%2Fv2%2Fmedia&parent=800"}],"curies":[{"name":"wp","href":"https:\/\/api.w.org\/{rel}","templated":true}]}}