{"id":79,"date":"2021-01-20T11:21:17","date_gmt":"2021-01-20T11:21:17","guid":{"rendered":"http:\/\/cm-cantanhede.pt\/rbc3\/?page_id=79"},"modified":"2021-01-20T12:47:23","modified_gmt":"2021-01-20T12:47:23","slug":"biblioteca-do-agrupamento-de-escolas-gandara-mar","status":"publish","type":"page","link":"https:\/\/rbc.cm-cantanhede.pt\/?page_id=79","title":{"rendered":"Biblioteca do Agrupamento de Escolas G\u00e2ndara Mar"},"content":{"rendered":"\n<p><\/p>\n\n\n\n<p><\/p>\n\n\n\n<p><strong>Hor\u00e1rio:<\/strong><br>Dias \u00fateis, das 9.30 \u00e0s 17.30 horas.*<br>* Hor\u00e1rio dependente da disponibilidade dos professores, em outubro 2019, conforme <a rel=\"noreferrer noopener\" href=\"https:\/\/drive.google.com\/file\/d\/17JhSMf_KacdpoSNozFp0x0CqpdpTPfIW\/view?usp=sharing\" target=\"_blank\">calendariza\u00e7\u00e3o<\/a>.<br><br><strong>Endere\u00e7o:<\/strong><br>Escola B\u00e1sica e Secund\u00e1ria Jo\u00e3o Garcia Bacelar (sede do agrupamento)<br>Rua da Escola C+S<br>3060-708 Tocha<br>GoogleMaps \/ GPS:<strong> <\/strong><a rel=\"noreferrer noopener\" href=\"http:\/\/maps.google.pt\/maps?f=q&amp;source=s_q&amp;hl=pt-PT&amp;geocode=&amp;q=40.312667,-8.747896&amp;sll=39.639538,-7.849731&amp;sspn=7.8492,14.128418&amp;ie=UTF8&amp;t=h&amp;z=16\" target=\"_blank\">40.312667,-8.747896<\/a><br><br>Telf: 231442466<br><br><strong>Contactos eletr\u00f3nicos:<\/strong> Email: <a href=\"https:\/\/www.blogger.com\/\">biblosblogue@gmail.com<\/a><br><a rel=\"noreferrer noopener\" href=\"http:\/\/biblos-tocha.blogspot.pt\/p\/deixe-nos-uma-mensagem.html\" target=\"_blank\">Formul\u00e1rio de contacto<\/a><br><strong><br>Equipa dinamizadora da BE:<\/strong><br>Jo\u00e3o Paulo Martins (professor bibliotec\u00e1rio)<br>Adelaide Rom\u00e3o (Dep. Ci\u00eancias Socias e Humanas)<br>Ana Paula Quinteiro (Dep. Express\u00f5es)Helena Tavares (Dep. Mat. e Ci\u00eancias Experimentais)<br>Isabel Teixeira\u00a0\u00a0(Dep. L\u00ednguas)<br><br>&#8212;&#8212;&#8212;&#8212;&#8212;<br>Temporariamente indispon\u00edveis:<br>Eunice Matos (Assistente Operacional)<br>Id\u00edlia Neto (Assistente Operacional)<\/p>\n\n\n\n<figure class=\"wp-block-image size-large\"><img fetchpriority=\"high\" decoding=\"async\" width=\"1024\" height=\"556\" src=\"https:\/\/rbc.cm-cantanhede.pt\/wp-content\/uploads\/\/2021\/01\/Planta_BE_outubro2017-1024x556.jpg\" alt=\"\" class=\"wp-image-184\" srcset=\"https:\/\/rbc.cm-cantanhede.pt\/wp-content\/uploads\/2021\/01\/Planta_BE_outubro2017-1024x556.jpg 1024w, https:\/\/rbc.cm-cantanhede.pt\/wp-content\/uploads\/2021\/01\/Planta_BE_outubro2017-300x163.jpg 300w, https:\/\/rbc.cm-cantanhede.pt\/wp-content\/uploads\/2021\/01\/Planta_BE_outubro2017-768x417.jpg 768w, https:\/\/rbc.cm-cantanhede.pt\/wp-content\/uploads\/2021\/01\/Planta_BE_outubro2017-825x448.jpg 825w, https:\/\/rbc.cm-cantanhede.pt\/wp-content\/uploads\/2021\/01\/Planta_BE_outubro2017-600x326.jpg 600w, https:\/\/rbc.cm-cantanhede.pt\/wp-content\/uploads\/2021\/01\/Planta_BE_outubro2017-400x217.jpg 400w, https:\/\/rbc.cm-cantanhede.pt\/wp-content\/uploads\/2021\/01\/Planta_BE_outubro2017.jpg 1327w\" sizes=\"(max-width: 1024px) 100vw, 1024px\" \/><\/figure>\n","protected":false},"excerpt":{"rendered":"<p>Hor\u00e1rio:Dias \u00fateis, das 9.30 \u00e0s 17.30 horas.** Hor\u00e1rio dependente da disponibilidade dos professores, em outubro 2019, conforme calendariza\u00e7\u00e3o. Endere\u00e7o:Escola B\u00e1sica e Secund\u00e1ria Jo\u00e3o Garcia Bacelar (sede do agrupamento)Rua da Escola&hellip;<a href=\"https:\/\/rbc.cm-cantanhede.pt\/?page_id=79\" class=\"more-link\"><span class=\"more-button\">Continuar a ler&#8230;<span class=\"screen-reader-text\">Biblioteca do Agrupamento de Escolas G\u00e2ndara Mar<\/span><\/span><\/a><\/p>\n","protected":false},"author":1,"featured_media":0,"parent":0,"menu_order":0,"comment_status":"closed","ping_status":"closed","template":"","meta":{"footnotes":""},"class_list":["post-79","page","type-page","status-publish","hentry"],"_links":{"self":[{"href":"https:\/\/rbc.cm-cantanhede.pt\/index.php?rest_route=\/wp\/v2\/pages\/79","targetHints":{"allow":["GET"]}}],"collection":[{"href":"https:\/\/rbc.cm-cantanhede.pt\/index.php?rest_route=\/wp\/v2\/pages"}],"about":[{"href":"https:\/\/rbc.cm-cantanhede.pt\/index.php?rest_route=\/wp\/v2\/types\/page"}],"author":[{"embeddable":true,"href":"https:\/\/rbc.cm-cantanhede.pt\/index.php?rest_route=\/wp\/v2\/users\/1"}],"replies":[{"embeddable":true,"href":"https:\/\/rbc.cm-cantanhede.pt\/index.php?rest_route=%2Fwp%2Fv2%2Fcomments&post=79"}],"version-history":[{"count":3,"href":"https:\/\/rbc.cm-cantanhede.pt\/index.php?rest_route=\/wp\/v2\/pages\/79\/revisions"}],"predecessor-version":[{"id":185,"href":"https:\/\/rbc.cm-cantanhede.pt\/index.php?rest_route=\/wp\/v2\/pages\/79\/revisions\/185"}],"wp:attachment":[{"href":"https:\/\/rbc.cm-cantanhede.pt\/index.php?rest_route=%2Fwp%2Fv2%2Fmedia&parent=79"}],"curies":[{"name":"wp","href":"https:\/\/api.w.org\/{rel}","templated":true}]}}