{"id":31,"date":"2021-01-20T11:03:11","date_gmt":"2021-01-20T11:03:11","guid":{"rendered":"http:\/\/cm-cantanhede.pt\/rbc3\/?page_id=31"},"modified":"2021-07-28T15:43:52","modified_gmt":"2021-07-28T15:43:52","slug":"biblioteca-escolar-clara-povoa-escola-secundaria-de-lima-de-faria-do-agrupamento-de-escolas-lima-de-faria-cantanhede","status":"publish","type":"page","link":"https:\/\/rbc.cm-cantanhede.pt\/?page_id=31","title":{"rendered":"Biblioteca Escolar Clara P\u00f3voa"},"content":{"rendered":"\n<p>A <strong>Biblioteca Escolar Clara P\u00f3voa <\/strong>(BECP) est\u00e1 localizada na Escola Secund\u00e1ria Lima-de-Faria, Cantanhede<strong>. <\/strong>Faz parte do Agrupamento de Escolas com o mesmo nome<strong> <\/strong>e serve diretamente os alunos, professores, educadores, pessoal n\u00e3o docente e pais e encarregados de educa\u00e7\u00e3o do Agrupamento.<\/p>\n\n\n\n<p>A BECP serve ainda, atrav\u00e9s do empr\u00e9stimo interbibliotec\u00e1rio e do Cat\u00e1logo Coletivo, todos os utilizadores que se dirijam \u00e0s bibliotecas do concelho. Para mais informa\u00e7\u00f5es, consultar o regulamento do empr\u00e9stimo interbibliotec\u00e1rio que est\u00e1 dispon\u00edvel neste Portal.<\/p>\n\n\n\n<p><\/p>\n\n\n\n<div class=\"wp-block-image\"><figure class=\"aligncenter size-large\"><img fetchpriority=\"high\" decoding=\"async\" width=\"1024\" height=\"681\" src=\"http:\/\/cm-cantanhede.pt\/rbc\/wp-content\/uploads\/2021\/07\/BECP_sala1b-1024x681.jpg\" alt=\"\" class=\"wp-image-403\" srcset=\"https:\/\/rbc.cm-cantanhede.pt\/wp-content\/uploads\/2021\/07\/BECP_sala1b-1024x681.jpg 1024w, https:\/\/rbc.cm-cantanhede.pt\/wp-content\/uploads\/2021\/07\/BECP_sala1b-300x199.jpg 300w, https:\/\/rbc.cm-cantanhede.pt\/wp-content\/uploads\/2021\/07\/BECP_sala1b-768x511.jpg 768w, https:\/\/rbc.cm-cantanhede.pt\/wp-content\/uploads\/2021\/07\/BECP_sala1b-1536x1021.jpg 1536w, https:\/\/rbc.cm-cantanhede.pt\/wp-content\/uploads\/2021\/07\/BECP_sala1b-2048x1362.jpg 2048w, https:\/\/rbc.cm-cantanhede.pt\/wp-content\/uploads\/2021\/07\/BECP_sala1b-825x549.jpg 825w, https:\/\/rbc.cm-cantanhede.pt\/wp-content\/uploads\/2021\/07\/BECP_sala1b-1504x1000.jpg 1504w, https:\/\/rbc.cm-cantanhede.pt\/wp-content\/uploads\/2021\/07\/BECP_sala1b-600x399.jpg 600w, https:\/\/rbc.cm-cantanhede.pt\/wp-content\/uploads\/2021\/07\/BECP_sala1b-400x266.jpg 400w\" sizes=\"(max-width: 1024px) 100vw, 1024px\" \/><figcaption>Sala 1 da Biblioteca Escolar Clara P\u00f3voa<\/figcaption><\/figure><\/div>\n\n\n\n<p><\/p>\n\n\n\n<p><strong>Hor\u00e1rio de funcionamento da BECP:<\/strong><br>De segunda a sexta-feira, das 8:30 \u00e0s 18:30.<\/p>\n\n\n\n<p><\/p>\n\n\n\n<p><strong>Liga\u00e7\u00f5es \u00fateis da BECP:<\/strong><\/p>\n\n\n\n<ul class=\"wp-block-list\"><li><a href=\"http:\/\/lereumrisco.pt\">@Ler \u00e9 um risco!<\/a><\/li><li><a href=\"http:\/\/eleituras-besc.blogspot.pt\/\">Blogue e-Leituras<\/a><\/li><li>Correio eletr\u00f3nico: <a href=\"mailto:becp@aelimadefaria.pt\">becp@aelimadefaria.pt<\/a><\/li><li><a href=\"http:\/\/aprendizinvestigador.pt\">Aprendiz de Investigador<\/a><\/li><li><a href=\"http:\/\/biblioteca.cm-cantanhede.pt\/Opac\/Pages\/Help\/Start.aspx\">Cat\u00e1logo coletivo da Rede de Bibliotecas de Cantanhede<\/a><\/li><\/ul>\n\n\n\n<p><\/p>\n\n\n\n<p><strong>Localiza\u00e7\u00e3o da BECP<\/strong><\/p>\n\n\n\n<p>Escola Secund\u00e1ria de Lima-de-Faria (escola sede do Agrupamento de Escolas Lima-de-Faria, Cantanhede)<br>Rua Dr. Lino Cardoso, n.\u00ba 66<br>3060-183 Cantanhede<\/p>\n\n\n\n<p><\/p>\n\n\n\n<p><strong>Contactos da Escola Secund\u00e1ria Lima-de-Faria, Cantanhede<\/strong><\/p>\n\n\n\n<p>Dire\u00e7\u00e3o: <a href=\"direcao@aelimadefaria.pt\" target=\"_blank\" rel=\"noreferrer noopener\">direcao@aelimadefaria.pt<\/a><\/p>\n\n\n\n<p>SAE: <a href=\"mailto:esc-secretaria@sapo.pt\">s<\/a><a href=\"mailto:ecretaria@aelimadefaria.pt\">ecretaria@aelimadefaria.pt<\/a><\/p>\n\n\n\n<p>Telefone: 234 419560<\/p>\n\n\n\n<p><\/p>\n\n\n\n<p><\/p>\n\n\n\n<div class=\"wp-block-columns is-layout-flex wp-container-core-columns-is-layout-9d6595d7 wp-block-columns-is-layout-flex\">\n<div class=\"wp-block-column is-layout-flow wp-block-column-is-layout-flow\" style=\"flex-basis:100%\">\n<div class=\"wp-block-columns is-layout-flex wp-container-core-columns-is-layout-9d6595d7 wp-block-columns-is-layout-flex\">\n<div class=\"wp-block-column is-layout-flow wp-block-column-is-layout-flow\" style=\"flex-basis:100%\">\n<figure class=\"wp-block-gallery columns-3 is-cropped wp-block-gallery-1 is-layout-flex wp-block-gallery-is-layout-flex\"><ul class=\"blocks-gallery-grid\"><li class=\"blocks-gallery-item\"><figure><img decoding=\"async\" width=\"1024\" height=\"681\" src=\"http:\/\/cm-cantanhede.pt\/rbc\/wp-content\/uploads\/2021\/07\/BECP_sala1b-1024x681.jpg\" alt=\"\" data-id=\"403\" data-full-url=\"http:\/\/cm-cantanhede.pt\/rbc\/wp-content\/uploads\/2021\/07\/BECP_sala1b-scaled.jpg\" data-link=\"http:\/\/cm-cantanhede.pt\/rbc\/?attachment_id=403\" class=\"wp-image-403\" srcset=\"https:\/\/rbc.cm-cantanhede.pt\/wp-content\/uploads\/2021\/07\/BECP_sala1b-1024x681.jpg 1024w, https:\/\/rbc.cm-cantanhede.pt\/wp-content\/uploads\/2021\/07\/BECP_sala1b-300x199.jpg 300w, https:\/\/rbc.cm-cantanhede.pt\/wp-content\/uploads\/2021\/07\/BECP_sala1b-768x511.jpg 768w, https:\/\/rbc.cm-cantanhede.pt\/wp-content\/uploads\/2021\/07\/BECP_sala1b-1536x1021.jpg 1536w, https:\/\/rbc.cm-cantanhede.pt\/wp-content\/uploads\/2021\/07\/BECP_sala1b-2048x1362.jpg 2048w, https:\/\/rbc.cm-cantanhede.pt\/wp-content\/uploads\/2021\/07\/BECP_sala1b-825x549.jpg 825w, https:\/\/rbc.cm-cantanhede.pt\/wp-content\/uploads\/2021\/07\/BECP_sala1b-1504x1000.jpg 1504w, https:\/\/rbc.cm-cantanhede.pt\/wp-content\/uploads\/2021\/07\/BECP_sala1b-600x399.jpg 600w, https:\/\/rbc.cm-cantanhede.pt\/wp-content\/uploads\/2021\/07\/BECP_sala1b-400x266.jpg 400w\" sizes=\"(max-width: 1024px) 100vw, 1024px\" \/><\/figure><\/li><li class=\"blocks-gallery-item\"><figure><img decoding=\"async\" width=\"1024\" height=\"372\" src=\"http:\/\/cm-cantanhede.pt\/rbc\/wp-content\/uploads\/2021\/07\/BECP_sala1-1024x372.jpg\" alt=\"\" data-id=\"406\" data-full-url=\"http:\/\/cm-cantanhede.pt\/rbc\/wp-content\/uploads\/2021\/07\/BECP_sala1-scaled.jpg\" data-link=\"http:\/\/cm-cantanhede.pt\/rbc\/?attachment_id=406\" class=\"wp-image-406\" srcset=\"https:\/\/rbc.cm-cantanhede.pt\/wp-content\/uploads\/2021\/07\/BECP_sala1-1024x372.jpg 1024w, https:\/\/rbc.cm-cantanhede.pt\/wp-content\/uploads\/2021\/07\/BECP_sala1-300x109.jpg 300w, https:\/\/rbc.cm-cantanhede.pt\/wp-content\/uploads\/2021\/07\/BECP_sala1-768x279.jpg 768w, https:\/\/rbc.cm-cantanhede.pt\/wp-content\/uploads\/2021\/07\/BECP_sala1-1536x559.jpg 1536w, https:\/\/rbc.cm-cantanhede.pt\/wp-content\/uploads\/2021\/07\/BECP_sala1-2048x745.jpg 2048w, https:\/\/rbc.cm-cantanhede.pt\/wp-content\/uploads\/2021\/07\/BECP_sala1-825x300.jpg 825w, https:\/\/rbc.cm-cantanhede.pt\/wp-content\/uploads\/2021\/07\/BECP_sala1-1920x698.jpg 1920w, https:\/\/rbc.cm-cantanhede.pt\/wp-content\/uploads\/2021\/07\/BECP_sala1-600x218.jpg 600w, https:\/\/rbc.cm-cantanhede.pt\/wp-content\/uploads\/2021\/07\/BECP_sala1-400x145.jpg 400w\" sizes=\"(max-width: 1024px) 100vw, 1024px\" \/><\/figure><\/li><li class=\"blocks-gallery-item\"><figure><img loading=\"lazy\" decoding=\"async\" width=\"1024\" height=\"694\" src=\"http:\/\/cm-cantanhede.pt\/rbc\/wp-content\/uploads\/2021\/07\/BECP_sala2-1024x694.jpg\" alt=\"\" data-id=\"407\" data-full-url=\"http:\/\/cm-cantanhede.pt\/rbc\/wp-content\/uploads\/2021\/07\/BECP_sala2-scaled.jpg\" data-link=\"http:\/\/cm-cantanhede.pt\/rbc\/?attachment_id=407\" class=\"wp-image-407\" srcset=\"https:\/\/rbc.cm-cantanhede.pt\/wp-content\/uploads\/2021\/07\/BECP_sala2-1024x694.jpg 1024w, https:\/\/rbc.cm-cantanhede.pt\/wp-content\/uploads\/2021\/07\/BECP_sala2-300x203.jpg 300w, https:\/\/rbc.cm-cantanhede.pt\/wp-content\/uploads\/2021\/07\/BECP_sala2-768x520.jpg 768w, https:\/\/rbc.cm-cantanhede.pt\/wp-content\/uploads\/2021\/07\/BECP_sala2-1536x1040.jpg 1536w, https:\/\/rbc.cm-cantanhede.pt\/wp-content\/uploads\/2021\/07\/BECP_sala2-2048x1387.jpg 2048w, https:\/\/rbc.cm-cantanhede.pt\/wp-content\/uploads\/2021\/07\/BECP_sala2-825x559.jpg 825w, https:\/\/rbc.cm-cantanhede.pt\/wp-content\/uploads\/2021\/07\/BECP_sala2-1476x1000.jpg 1476w, https:\/\/rbc.cm-cantanhede.pt\/wp-content\/uploads\/2021\/07\/BECP_sala2-600x406.jpg 600w, https:\/\/rbc.cm-cantanhede.pt\/wp-content\/uploads\/2021\/07\/BECP_sala2-400x271.jpg 400w\" sizes=\"(max-width: 1024px) 100vw, 1024px\" \/><\/figure><\/li><li class=\"blocks-gallery-item\"><figure><img loading=\"lazy\" decoding=\"async\" width=\"1024\" height=\"538\" src=\"http:\/\/cm-cantanhede.pt\/rbc\/wp-content\/uploads\/2021\/07\/BECP_sala2a-1024x538.jpg\" alt=\"\" data-id=\"408\" data-full-url=\"http:\/\/cm-cantanhede.pt\/rbc\/wp-content\/uploads\/2021\/07\/BECP_sala2a-scaled.jpg\" data-link=\"http:\/\/cm-cantanhede.pt\/rbc\/?attachment_id=408\" class=\"wp-image-408\" srcset=\"https:\/\/rbc.cm-cantanhede.pt\/wp-content\/uploads\/2021\/07\/BECP_sala2a-1024x538.jpg 1024w, https:\/\/rbc.cm-cantanhede.pt\/wp-content\/uploads\/2021\/07\/BECP_sala2a-300x158.jpg 300w, https:\/\/rbc.cm-cantanhede.pt\/wp-content\/uploads\/2021\/07\/BECP_sala2a-768x404.jpg 768w, https:\/\/rbc.cm-cantanhede.pt\/wp-content\/uploads\/2021\/07\/BECP_sala2a-1536x807.jpg 1536w, https:\/\/rbc.cm-cantanhede.pt\/wp-content\/uploads\/2021\/07\/BECP_sala2a-2048x1077.jpg 2048w, https:\/\/rbc.cm-cantanhede.pt\/wp-content\/uploads\/2021\/07\/BECP_sala2a-825x434.jpg 825w, https:\/\/rbc.cm-cantanhede.pt\/wp-content\/uploads\/2021\/07\/BECP_sala2a-1902x1000.jpg 1902w, https:\/\/rbc.cm-cantanhede.pt\/wp-content\/uploads\/2021\/07\/BECP_sala2a-600x315.jpg 600w, https:\/\/rbc.cm-cantanhede.pt\/wp-content\/uploads\/2021\/07\/BECP_sala2a-400x210.jpg 400w\" sizes=\"(max-width: 1024px) 100vw, 1024px\" \/><\/figure><\/li><li class=\"blocks-gallery-item\"><figure><img loading=\"lazy\" decoding=\"async\" width=\"1024\" height=\"479\" src=\"http:\/\/cm-cantanhede.pt\/rbc\/wp-content\/uploads\/2021\/07\/BECP_sala2b-1024x479.jpg\" alt=\"\" data-id=\"409\" data-full-url=\"http:\/\/cm-cantanhede.pt\/rbc\/wp-content\/uploads\/2021\/07\/BECP_sala2b-scaled.jpg\" data-link=\"http:\/\/cm-cantanhede.pt\/rbc\/?attachment_id=409\" class=\"wp-image-409\" srcset=\"https:\/\/rbc.cm-cantanhede.pt\/wp-content\/uploads\/2021\/07\/BECP_sala2b-1024x479.jpg 1024w, https:\/\/rbc.cm-cantanhede.pt\/wp-content\/uploads\/2021\/07\/BECP_sala2b-300x140.jpg 300w, https:\/\/rbc.cm-cantanhede.pt\/wp-content\/uploads\/2021\/07\/BECP_sala2b-768x359.jpg 768w, https:\/\/rbc.cm-cantanhede.pt\/wp-content\/uploads\/2021\/07\/BECP_sala2b-1536x718.jpg 1536w, https:\/\/rbc.cm-cantanhede.pt\/wp-content\/uploads\/2021\/07\/BECP_sala2b-2048x958.jpg 2048w, https:\/\/rbc.cm-cantanhede.pt\/wp-content\/uploads\/2021\/07\/BECP_sala2b-825x386.jpg 825w, https:\/\/rbc.cm-cantanhede.pt\/wp-content\/uploads\/2021\/07\/BECP_sala2b-1920x898.jpg 1920w, https:\/\/rbc.cm-cantanhede.pt\/wp-content\/uploads\/2021\/07\/BECP_sala2b-600x281.jpg 600w, https:\/\/rbc.cm-cantanhede.pt\/wp-content\/uploads\/2021\/07\/BECP_sala2b-400x187.jpg 400w\" sizes=\"(max-width: 1024px) 100vw, 1024px\" \/><\/figure><\/li><li class=\"blocks-gallery-item\"><figure><img loading=\"lazy\" decoding=\"async\" width=\"1024\" height=\"600\" src=\"http:\/\/cm-cantanhede.pt\/rbc\/wp-content\/uploads\/2021\/07\/BECP_sala3-1024x600.jpg\" alt=\"\" data-id=\"410\" data-full-url=\"http:\/\/cm-cantanhede.pt\/rbc\/wp-content\/uploads\/2021\/07\/BECP_sala3-scaled.jpg\" data-link=\"http:\/\/cm-cantanhede.pt\/rbc\/?attachment_id=410\" class=\"wp-image-410\" srcset=\"https:\/\/rbc.cm-cantanhede.pt\/wp-content\/uploads\/2021\/07\/BECP_sala3-1024x600.jpg 1024w, https:\/\/rbc.cm-cantanhede.pt\/wp-content\/uploads\/2021\/07\/BECP_sala3-300x176.jpg 300w, https:\/\/rbc.cm-cantanhede.pt\/wp-content\/uploads\/2021\/07\/BECP_sala3-768x450.jpg 768w, https:\/\/rbc.cm-cantanhede.pt\/wp-content\/uploads\/2021\/07\/BECP_sala3-1536x901.jpg 1536w, https:\/\/rbc.cm-cantanhede.pt\/wp-content\/uploads\/2021\/07\/BECP_sala3-2048x1201.jpg 2048w, https:\/\/rbc.cm-cantanhede.pt\/wp-content\/uploads\/2021\/07\/BECP_sala3-825x484.jpg 825w, https:\/\/rbc.cm-cantanhede.pt\/wp-content\/uploads\/2021\/07\/BECP_sala3-1706x1000.jpg 1706w, https:\/\/rbc.cm-cantanhede.pt\/wp-content\/uploads\/2021\/07\/BECP_sala3-600x352.jpg 600w, https:\/\/rbc.cm-cantanhede.pt\/wp-content\/uploads\/2021\/07\/BECP_sala3-400x235.jpg 400w\" sizes=\"(max-width: 1024px) 100vw, 1024px\" \/><\/figure><\/li><li class=\"blocks-gallery-item\"><figure><img loading=\"lazy\" decoding=\"async\" width=\"1024\" height=\"511\" src=\"http:\/\/cm-cantanhede.pt\/rbc\/wp-content\/uploads\/2021\/07\/BECP_sala3a-1024x511.jpg\" alt=\"\" data-id=\"411\" data-full-url=\"http:\/\/cm-cantanhede.pt\/rbc\/wp-content\/uploads\/2021\/07\/BECP_sala3a-scaled.jpg\" data-link=\"http:\/\/cm-cantanhede.pt\/rbc\/?attachment_id=411\" class=\"wp-image-411\" srcset=\"https:\/\/rbc.cm-cantanhede.pt\/wp-content\/uploads\/2021\/07\/BECP_sala3a-1024x511.jpg 1024w, https:\/\/rbc.cm-cantanhede.pt\/wp-content\/uploads\/2021\/07\/BECP_sala3a-300x150.jpg 300w, https:\/\/rbc.cm-cantanhede.pt\/wp-content\/uploads\/2021\/07\/BECP_sala3a-768x383.jpg 768w, https:\/\/rbc.cm-cantanhede.pt\/wp-content\/uploads\/2021\/07\/BECP_sala3a-1536x766.jpg 1536w, https:\/\/rbc.cm-cantanhede.pt\/wp-content\/uploads\/2021\/07\/BECP_sala3a-2048x1021.jpg 2048w, https:\/\/rbc.cm-cantanhede.pt\/wp-content\/uploads\/2021\/07\/BECP_sala3a-825x411.jpg 825w, https:\/\/rbc.cm-cantanhede.pt\/wp-content\/uploads\/2021\/07\/BECP_sala3a-1920x957.jpg 1920w, https:\/\/rbc.cm-cantanhede.pt\/wp-content\/uploads\/2021\/07\/BECP_sala3a-600x299.jpg 600w, https:\/\/rbc.cm-cantanhede.pt\/wp-content\/uploads\/2021\/07\/BECP_sala3a-400x199.jpg 400w\" sizes=\"(max-width: 1024px) 100vw, 1024px\" \/><\/figure><\/li><li class=\"blocks-gallery-item\"><figure><img loading=\"lazy\" decoding=\"async\" width=\"1024\" height=\"669\" src=\"http:\/\/cm-cantanhede.pt\/rbc\/wp-content\/uploads\/2021\/07\/BECP_sala3b-1024x669.jpg\" alt=\"\" data-id=\"412\" data-full-url=\"http:\/\/cm-cantanhede.pt\/rbc\/wp-content\/uploads\/2021\/07\/BECP_sala3b-scaled.jpg\" data-link=\"http:\/\/cm-cantanhede.pt\/rbc\/?attachment_id=412\" class=\"wp-image-412\" srcset=\"https:\/\/rbc.cm-cantanhede.pt\/wp-content\/uploads\/2021\/07\/BECP_sala3b-1024x669.jpg 1024w, https:\/\/rbc.cm-cantanhede.pt\/wp-content\/uploads\/2021\/07\/BECP_sala3b-300x196.jpg 300w, https:\/\/rbc.cm-cantanhede.pt\/wp-content\/uploads\/2021\/07\/BECP_sala3b-768x502.jpg 768w, https:\/\/rbc.cm-cantanhede.pt\/wp-content\/uploads\/2021\/07\/BECP_sala3b-1536x1003.jpg 1536w, https:\/\/rbc.cm-cantanhede.pt\/wp-content\/uploads\/2021\/07\/BECP_sala3b-2048x1338.jpg 2048w, https:\/\/rbc.cm-cantanhede.pt\/wp-content\/uploads\/2021\/07\/BECP_sala3b-825x539.jpg 825w, https:\/\/rbc.cm-cantanhede.pt\/wp-content\/uploads\/2021\/07\/BECP_sala3b-1531x1000.jpg 1531w, https:\/\/rbc.cm-cantanhede.pt\/wp-content\/uploads\/2021\/07\/BECP_sala3b-600x392.jpg 600w, https:\/\/rbc.cm-cantanhede.pt\/wp-content\/uploads\/2021\/07\/BECP_sala3b-400x261.jpg 400w\" sizes=\"(max-width: 1024px) 100vw, 1024px\" \/><\/figure><\/li><\/ul><\/figure>\n<\/div>\n<\/div>\n<\/div>\n<\/div>\n","protected":false},"excerpt":{"rendered":"<p>A Biblioteca Escolar Clara P\u00f3voa (BECP) est\u00e1 localizada na Escola Secund\u00e1ria Lima-de-Faria, Cantanhede. Faz parte do Agrupamento de Escolas com o mesmo nome e serve diretamente os alunos, professores, educadores,&hellip;<a href=\"https:\/\/rbc.cm-cantanhede.pt\/?page_id=31\" class=\"more-link\"><span class=\"more-button\">Continuar a ler&#8230;<span class=\"screen-reader-text\">Biblioteca Escolar Clara P\u00f3voa<\/span><\/span><\/a><\/p>\n","protected":false},"author":1,"featured_media":0,"parent":0,"menu_order":8,"comment_status":"closed","ping_status":"closed","template":"","meta":{"footnotes":""},"class_list":["post-31","page","type-page","status-publish","hentry"],"_links":{"self":[{"href":"https:\/\/rbc.cm-cantanhede.pt\/index.php?rest_route=\/wp\/v2\/pages\/31","targetHints":{"allow":["GET"]}}],"collection":[{"href":"https:\/\/rbc.cm-cantanhede.pt\/index.php?rest_route=\/wp\/v2\/pages"}],"about":[{"href":"https:\/\/rbc.cm-cantanhede.pt\/index.php?rest_route=\/wp\/v2\/types\/page"}],"author":[{"embeddable":true,"href":"https:\/\/rbc.cm-cantanhede.pt\/index.php?rest_route=\/wp\/v2\/users\/1"}],"replies":[{"embeddable":true,"href":"https:\/\/rbc.cm-cantanhede.pt\/index.php?rest_route=%2Fwp%2Fv2%2Fcomments&post=31"}],"version-history":[{"count":8,"href":"https:\/\/rbc.cm-cantanhede.pt\/index.php?rest_route=\/wp\/v2\/pages\/31\/revisions"}],"predecessor-version":[{"id":904,"href":"https:\/\/rbc.cm-cantanhede.pt\/index.php?rest_route=\/wp\/v2\/pages\/31\/revisions\/904"}],"wp:attachment":[{"href":"https:\/\/rbc.cm-cantanhede.pt\/index.php?rest_route=%2Fwp%2Fv2%2Fmedia&parent=31"}],"curies":[{"name":"wp","href":"https:\/\/api.w.org\/{rel}","templated":true}]}}