{"id":29,"date":"2021-01-20T11:02:33","date_gmt":"2021-01-20T11:02:33","guid":{"rendered":"http:\/\/cm-cantanhede.pt\/rbc3\/?page_id=29"},"modified":"2021-08-03T08:25:02","modified_gmt":"2021-08-03T08:25:02","slug":"biblioteca-carlos-de-oliveira-da-eb-2-3-carlos-de-oliveira-agrupamento-de-escolas-lima-de-faria-cantanhede","status":"publish","type":"page","link":"https:\/\/rbc.cm-cantanhede.pt\/?page_id=29","title":{"rendered":"Biblioteca Carlos de Oliveira"},"content":{"rendered":"\n<p>A <strong>Biblioteca Escolar da Escola Carlos de Oliveira, Febres<\/strong>  (BECO) faz parte do <strong>Agrupamento de Escolas Lima-de-Faria, Cantanhede<\/strong> e serve diretamente as crian\u00e7as e alunos dos Jardins de Inf\u00e2ncia ao 9.\u00ba ano de escolaridade, assim como todos os professores, educadores, pessoal n\u00e3o docente e pais e encarregados de educa\u00e7\u00e3o do Agrupamento.<\/p>\n\n\n\n<figure class=\"wp-block-image size-large\"><img fetchpriority=\"high\" decoding=\"async\" width=\"1024\" height=\"683\" src=\"http:\/\/cm-cantanhede.pt\/rbc\/wp-content\/uploads\/2021\/08\/IMG_2025-1024x683.jpg\" alt=\"\" class=\"wp-image-438\" srcset=\"https:\/\/rbc.cm-cantanhede.pt\/wp-content\/uploads\/2021\/08\/IMG_2025-1024x683.jpg 1024w, https:\/\/rbc.cm-cantanhede.pt\/wp-content\/uploads\/2021\/08\/IMG_2025-300x200.jpg 300w, https:\/\/rbc.cm-cantanhede.pt\/wp-content\/uploads\/2021\/08\/IMG_2025-768x512.jpg 768w, https:\/\/rbc.cm-cantanhede.pt\/wp-content\/uploads\/2021\/08\/IMG_2025-1536x1024.jpg 1536w, https:\/\/rbc.cm-cantanhede.pt\/wp-content\/uploads\/2021\/08\/IMG_2025-2048x1365.jpg 2048w, https:\/\/rbc.cm-cantanhede.pt\/wp-content\/uploads\/2021\/08\/IMG_2025-825x550.jpg 825w, https:\/\/rbc.cm-cantanhede.pt\/wp-content\/uploads\/2021\/08\/IMG_2025-1500x1000.jpg 1500w, https:\/\/rbc.cm-cantanhede.pt\/wp-content\/uploads\/2021\/08\/IMG_2025-600x400.jpg 600w, https:\/\/rbc.cm-cantanhede.pt\/wp-content\/uploads\/2021\/08\/IMG_2025-400x267.jpg 400w\" sizes=\"(max-width: 1024px) 100vw, 1024px\" \/><\/figure>\n\n\n\n<p>A <strong>BECO<\/strong> serve ainda, atrav\u00e9s do empr\u00e9stimo interbibliotec\u00e1rio e do Cat\u00e1logo Coletivo, todos os utilizadores que se dirijam \u00e0s bibliotecas do concelho. Para mais informa\u00e7\u00f5es, consultar o regulamento do empr\u00e9stimo interbibliotec\u00e1rio que est\u00e1 dispon\u00edvel neste Portal.<\/p>\n\n\n\n<p><strong>Hor\u00e1rio de funcionamento:<\/strong><br>De segunda a sexta-feira, das 8:30 \u00e0s 18:00.<\/p>\n\n\n\n<p><\/p>\n\n\n\n<p><strong>Liga\u00e7\u00f5es \u00fateis da BECO:<\/strong><\/p>\n\n\n\n<ul class=\"wp-block-list\"><li>P\u00e1gina web do Servi\u00e7o de Bibliotecas do Agrupamento Lima-de-Faria, Cantanhede: <a href=\"http:\/\/lereumrisco.pt\/\">lereumrisco.pt<\/a><\/li><li>Blogue Menu Leituras: <a href=\"http:\/\/menuleiturasbeco.blogspot.pt\/\" rel=\"noreferrer noopener\" target=\"_blank\">http:\/\/menuleiturasbeco.blogspot.pt\/<\/a><\/li><li>Correio eletr\u00f3nico: <a href=\"mailto:beco@aelimadefaria.pt\" title=\"mailto:beco@aelimadefaria.pt\">beco@aelimadefaria.pt<\/a><\/li><li>Aprendiz de Investigador: <a href=\"https:\/\/www.aprendizinvestigador.pt\/\">aprendizinvestigador.pt<\/a><\/li><li>Cat\u00e1logo coletivo: <a rel=\"noreferrer noopener\" href=\"http:\/\/biblioteca.cm-cantanhede.pt\/Opac\/Pages\/Help\/Start.aspx\" target=\"_blank\">http:\/\/biblioteca.cm-cantanhede.pt\/Opac\/Pages\/Help\/Start.aspx<\/a><\/li><\/ul>\n\n\n\n<p><strong>Localiza\u00e7\u00e3o da BECO<\/strong><\/p>\n\n\n\n<p>Escola EB2\/3 Carlos Oliveira<br>Rua Prof\u00aa. Ester dos Prazeres Barbosa<br>3061-906 Febres<\/p>\n\n\n\n<p>Contactos da Escola EB2\/3 Carlos de Oliveira<\/p>\n\n\n\n<p>Telefone: 231461870<\/p>\n\n\n\n<figure class=\"wp-block-gallery columns-3 is-cropped wp-block-gallery-1 is-layout-flex wp-block-gallery-is-layout-flex\"><ul class=\"blocks-gallery-grid\"><li class=\"blocks-gallery-item\"><figure><img decoding=\"async\" width=\"1024\" height=\"683\" src=\"http:\/\/cm-cantanhede.pt\/rbc\/wp-content\/uploads\/2021\/08\/IMG_2009-1024x683.jpg\" alt=\"\" data-id=\"437\" data-full-url=\"http:\/\/cm-cantanhede.pt\/rbc\/wp-content\/uploads\/2021\/08\/IMG_2009-scaled.jpg\" data-link=\"http:\/\/cm-cantanhede.pt\/rbc\/?attachment_id=437\" class=\"wp-image-437\" srcset=\"https:\/\/rbc.cm-cantanhede.pt\/wp-content\/uploads\/2021\/08\/IMG_2009-1024x683.jpg 1024w, https:\/\/rbc.cm-cantanhede.pt\/wp-content\/uploads\/2021\/08\/IMG_2009-300x200.jpg 300w, https:\/\/rbc.cm-cantanhede.pt\/wp-content\/uploads\/2021\/08\/IMG_2009-768x512.jpg 768w, https:\/\/rbc.cm-cantanhede.pt\/wp-content\/uploads\/2021\/08\/IMG_2009-1536x1024.jpg 1536w, https:\/\/rbc.cm-cantanhede.pt\/wp-content\/uploads\/2021\/08\/IMG_2009-2048x1365.jpg 2048w, https:\/\/rbc.cm-cantanhede.pt\/wp-content\/uploads\/2021\/08\/IMG_2009-825x550.jpg 825w, https:\/\/rbc.cm-cantanhede.pt\/wp-content\/uploads\/2021\/08\/IMG_2009-1500x1000.jpg 1500w, https:\/\/rbc.cm-cantanhede.pt\/wp-content\/uploads\/2021\/08\/IMG_2009-600x400.jpg 600w, https:\/\/rbc.cm-cantanhede.pt\/wp-content\/uploads\/2021\/08\/IMG_2009-400x267.jpg 400w\" sizes=\"(max-width: 1024px) 100vw, 1024px\" \/><\/figure><\/li><li class=\"blocks-gallery-item\"><figure><img decoding=\"async\" width=\"1024\" height=\"523\" src=\"http:\/\/cm-cantanhede.pt\/rbc\/wp-content\/uploads\/2021\/08\/IMG_2033-1024x523.jpg\" alt=\"\" data-id=\"436\" data-full-url=\"http:\/\/cm-cantanhede.pt\/rbc\/wp-content\/uploads\/2021\/08\/IMG_2033-scaled.jpg\" data-link=\"http:\/\/cm-cantanhede.pt\/rbc\/?attachment_id=436\" class=\"wp-image-436\" srcset=\"https:\/\/rbc.cm-cantanhede.pt\/wp-content\/uploads\/2021\/08\/IMG_2033-1024x523.jpg 1024w, https:\/\/rbc.cm-cantanhede.pt\/wp-content\/uploads\/2021\/08\/IMG_2033-300x153.jpg 300w, https:\/\/rbc.cm-cantanhede.pt\/wp-content\/uploads\/2021\/08\/IMG_2033-768x392.jpg 768w, https:\/\/rbc.cm-cantanhede.pt\/wp-content\/uploads\/2021\/08\/IMG_2033-1536x784.jpg 1536w, https:\/\/rbc.cm-cantanhede.pt\/wp-content\/uploads\/2021\/08\/IMG_2033-2048x1045.jpg 2048w, https:\/\/rbc.cm-cantanhede.pt\/wp-content\/uploads\/2021\/08\/IMG_2033-825x421.jpg 825w, https:\/\/rbc.cm-cantanhede.pt\/wp-content\/uploads\/2021\/08\/IMG_2033-1920x980.jpg 1920w, https:\/\/rbc.cm-cantanhede.pt\/wp-content\/uploads\/2021\/08\/IMG_2033-600x306.jpg 600w, https:\/\/rbc.cm-cantanhede.pt\/wp-content\/uploads\/2021\/08\/IMG_2033-400x204.jpg 400w\" sizes=\"(max-width: 1024px) 100vw, 1024px\" \/><\/figure><\/li><li class=\"blocks-gallery-item\"><figure><img loading=\"lazy\" decoding=\"async\" width=\"1024\" height=\"481\" src=\"http:\/\/cm-cantanhede.pt\/rbc\/wp-content\/uploads\/2021\/08\/IMG_2015-1024x481.jpg\" alt=\"\" data-id=\"435\" data-full-url=\"http:\/\/cm-cantanhede.pt\/rbc\/wp-content\/uploads\/2021\/08\/IMG_2015-scaled.jpg\" data-link=\"http:\/\/cm-cantanhede.pt\/rbc\/?attachment_id=435\" class=\"wp-image-435\" srcset=\"https:\/\/rbc.cm-cantanhede.pt\/wp-content\/uploads\/2021\/08\/IMG_2015-1024x481.jpg 1024w, https:\/\/rbc.cm-cantanhede.pt\/wp-content\/uploads\/2021\/08\/IMG_2015-300x141.jpg 300w, https:\/\/rbc.cm-cantanhede.pt\/wp-content\/uploads\/2021\/08\/IMG_2015-768x361.jpg 768w, https:\/\/rbc.cm-cantanhede.pt\/wp-content\/uploads\/2021\/08\/IMG_2015-1536x721.jpg 1536w, https:\/\/rbc.cm-cantanhede.pt\/wp-content\/uploads\/2021\/08\/IMG_2015-2048x962.jpg 2048w, https:\/\/rbc.cm-cantanhede.pt\/wp-content\/uploads\/2021\/08\/IMG_2015-825x387.jpg 825w, https:\/\/rbc.cm-cantanhede.pt\/wp-content\/uploads\/2021\/08\/IMG_2015-1920x902.jpg 1920w, https:\/\/rbc.cm-cantanhede.pt\/wp-content\/uploads\/2021\/08\/IMG_2015-600x282.jpg 600w, https:\/\/rbc.cm-cantanhede.pt\/wp-content\/uploads\/2021\/08\/IMG_2015-400x188.jpg 400w\" sizes=\"(max-width: 1024px) 100vw, 1024px\" \/><\/figure><\/li><li class=\"blocks-gallery-item\"><figure><img loading=\"lazy\" decoding=\"async\" width=\"1024\" height=\"608\" src=\"http:\/\/cm-cantanhede.pt\/rbc\/wp-content\/uploads\/2021\/08\/IMG_2046-1024x608.jpg\" alt=\"\" data-id=\"434\" data-full-url=\"http:\/\/cm-cantanhede.pt\/rbc\/wp-content\/uploads\/2021\/08\/IMG_2046-scaled.jpg\" data-link=\"http:\/\/cm-cantanhede.pt\/rbc\/?attachment_id=434\" class=\"wp-image-434\" srcset=\"https:\/\/rbc.cm-cantanhede.pt\/wp-content\/uploads\/2021\/08\/IMG_2046-1024x608.jpg 1024w, https:\/\/rbc.cm-cantanhede.pt\/wp-content\/uploads\/2021\/08\/IMG_2046-300x178.jpg 300w, https:\/\/rbc.cm-cantanhede.pt\/wp-content\/uploads\/2021\/08\/IMG_2046-768x456.jpg 768w, https:\/\/rbc.cm-cantanhede.pt\/wp-content\/uploads\/2021\/08\/IMG_2046-1536x911.jpg 1536w, https:\/\/rbc.cm-cantanhede.pt\/wp-content\/uploads\/2021\/08\/IMG_2046-2048x1215.jpg 2048w, https:\/\/rbc.cm-cantanhede.pt\/wp-content\/uploads\/2021\/08\/IMG_2046-825x489.jpg 825w, https:\/\/rbc.cm-cantanhede.pt\/wp-content\/uploads\/2021\/08\/IMG_2046-1685x1000.jpg 1685w, https:\/\/rbc.cm-cantanhede.pt\/wp-content\/uploads\/2021\/08\/IMG_2046-600x356.jpg 600w, https:\/\/rbc.cm-cantanhede.pt\/wp-content\/uploads\/2021\/08\/IMG_2046-400x237.jpg 400w\" sizes=\"(max-width: 1024px) 100vw, 1024px\" \/><\/figure><\/li><li class=\"blocks-gallery-item\"><figure><img loading=\"lazy\" decoding=\"async\" width=\"1024\" height=\"542\" src=\"http:\/\/cm-cantanhede.pt\/rbc\/wp-content\/uploads\/2021\/08\/IMG_2005-1024x542.jpg\" alt=\"\" data-id=\"433\" data-full-url=\"http:\/\/cm-cantanhede.pt\/rbc\/wp-content\/uploads\/2021\/08\/IMG_2005-scaled.jpg\" data-link=\"http:\/\/cm-cantanhede.pt\/rbc\/?attachment_id=433\" class=\"wp-image-433\" srcset=\"https:\/\/rbc.cm-cantanhede.pt\/wp-content\/uploads\/2021\/08\/IMG_2005-1024x542.jpg 1024w, https:\/\/rbc.cm-cantanhede.pt\/wp-content\/uploads\/2021\/08\/IMG_2005-300x159.jpg 300w, https:\/\/rbc.cm-cantanhede.pt\/wp-content\/uploads\/2021\/08\/IMG_2005-768x406.jpg 768w, https:\/\/rbc.cm-cantanhede.pt\/wp-content\/uploads\/2021\/08\/IMG_2005-1536x812.jpg 1536w, https:\/\/rbc.cm-cantanhede.pt\/wp-content\/uploads\/2021\/08\/IMG_2005-2048x1083.jpg 2048w, https:\/\/rbc.cm-cantanhede.pt\/wp-content\/uploads\/2021\/08\/IMG_2005-825x436.jpg 825w, https:\/\/rbc.cm-cantanhede.pt\/wp-content\/uploads\/2021\/08\/IMG_2005-1891x1000.jpg 1891w, https:\/\/rbc.cm-cantanhede.pt\/wp-content\/uploads\/2021\/08\/IMG_2005-600x317.jpg 600w, https:\/\/rbc.cm-cantanhede.pt\/wp-content\/uploads\/2021\/08\/IMG_2005-400x212.jpg 400w\" sizes=\"(max-width: 1024px) 100vw, 1024px\" \/><\/figure><\/li><li class=\"blocks-gallery-item\"><figure><img loading=\"lazy\" decoding=\"async\" width=\"1024\" height=\"479\" src=\"http:\/\/cm-cantanhede.pt\/rbc\/wp-content\/uploads\/2021\/08\/IMG_2024-1024x479.jpg\" alt=\"\" data-id=\"432\" data-full-url=\"http:\/\/cm-cantanhede.pt\/rbc\/wp-content\/uploads\/2021\/08\/IMG_2024-scaled.jpg\" data-link=\"http:\/\/cm-cantanhede.pt\/rbc\/?attachment_id=432\" class=\"wp-image-432\" srcset=\"https:\/\/rbc.cm-cantanhede.pt\/wp-content\/uploads\/2021\/08\/IMG_2024-1024x479.jpg 1024w, https:\/\/rbc.cm-cantanhede.pt\/wp-content\/uploads\/2021\/08\/IMG_2024-300x140.jpg 300w, https:\/\/rbc.cm-cantanhede.pt\/wp-content\/uploads\/2021\/08\/IMG_2024-768x359.jpg 768w, https:\/\/rbc.cm-cantanhede.pt\/wp-content\/uploads\/2021\/08\/IMG_2024-1536x719.jpg 1536w, https:\/\/rbc.cm-cantanhede.pt\/wp-content\/uploads\/2021\/08\/IMG_2024-2048x958.jpg 2048w, https:\/\/rbc.cm-cantanhede.pt\/wp-content\/uploads\/2021\/08\/IMG_2024-825x386.jpg 825w, https:\/\/rbc.cm-cantanhede.pt\/wp-content\/uploads\/2021\/08\/IMG_2024-1920x898.jpg 1920w, https:\/\/rbc.cm-cantanhede.pt\/wp-content\/uploads\/2021\/08\/IMG_2024-600x281.jpg 600w, https:\/\/rbc.cm-cantanhede.pt\/wp-content\/uploads\/2021\/08\/IMG_2024-400x187.jpg 400w\" sizes=\"(max-width: 1024px) 100vw, 1024px\" \/><\/figure><\/li><li class=\"blocks-gallery-item\"><figure><img loading=\"lazy\" decoding=\"async\" width=\"1024\" height=\"605\" src=\"http:\/\/cm-cantanhede.pt\/rbc\/wp-content\/uploads\/2021\/08\/IMG_2022-1024x605.jpg\" alt=\"\" data-id=\"430\" data-full-url=\"http:\/\/cm-cantanhede.pt\/rbc\/wp-content\/uploads\/2021\/08\/IMG_2022-scaled.jpg\" data-link=\"http:\/\/cm-cantanhede.pt\/rbc\/?attachment_id=430\" class=\"wp-image-430\" srcset=\"https:\/\/rbc.cm-cantanhede.pt\/wp-content\/uploads\/2021\/08\/IMG_2022-1024x605.jpg 1024w, https:\/\/rbc.cm-cantanhede.pt\/wp-content\/uploads\/2021\/08\/IMG_2022-300x177.jpg 300w, https:\/\/rbc.cm-cantanhede.pt\/wp-content\/uploads\/2021\/08\/IMG_2022-768x453.jpg 768w, https:\/\/rbc.cm-cantanhede.pt\/wp-content\/uploads\/2021\/08\/IMG_2022-1536x907.jpg 1536w, https:\/\/rbc.cm-cantanhede.pt\/wp-content\/uploads\/2021\/08\/IMG_2022-2048x1209.jpg 2048w, https:\/\/rbc.cm-cantanhede.pt\/wp-content\/uploads\/2021\/08\/IMG_2022-825x487.jpg 825w, https:\/\/rbc.cm-cantanhede.pt\/wp-content\/uploads\/2021\/08\/IMG_2022-1694x1000.jpg 1694w, https:\/\/rbc.cm-cantanhede.pt\/wp-content\/uploads\/2021\/08\/IMG_2022-600x354.jpg 600w, https:\/\/rbc.cm-cantanhede.pt\/wp-content\/uploads\/2021\/08\/IMG_2022-400x236.jpg 400w\" sizes=\"(max-width: 1024px) 100vw, 1024px\" \/><\/figure><\/li><\/ul><\/figure>\n","protected":false},"excerpt":{"rendered":"<p>A Biblioteca Escolar da Escola Carlos de Oliveira, Febres (BECO) faz parte do Agrupamento de Escolas Lima-de-Faria, Cantanhede e serve diretamente as crian\u00e7as e alunos dos Jardins de Inf\u00e2ncia ao&hellip;<a href=\"https:\/\/rbc.cm-cantanhede.pt\/?page_id=29\" class=\"more-link\"><span class=\"more-button\">Continuar a ler&#8230;<span class=\"screen-reader-text\">Biblioteca Carlos de Oliveira<\/span><\/span><\/a><\/p>\n","protected":false},"author":1,"featured_media":0,"parent":0,"menu_order":8,"comment_status":"closed","ping_status":"closed","template":"","meta":{"footnotes":""},"class_list":["post-29","page","type-page","status-publish","hentry"],"_links":{"self":[{"href":"https:\/\/rbc.cm-cantanhede.pt\/index.php?rest_route=\/wp\/v2\/pages\/29","targetHints":{"allow":["GET"]}}],"collection":[{"href":"https:\/\/rbc.cm-cantanhede.pt\/index.php?rest_route=\/wp\/v2\/pages"}],"about":[{"href":"https:\/\/rbc.cm-cantanhede.pt\/index.php?rest_route=\/wp\/v2\/types\/page"}],"author":[{"embeddable":true,"href":"https:\/\/rbc.cm-cantanhede.pt\/index.php?rest_route=\/wp\/v2\/users\/1"}],"replies":[{"embeddable":true,"href":"https:\/\/rbc.cm-cantanhede.pt\/index.php?rest_route=%2Fwp%2Fv2%2Fcomments&post=29"}],"version-history":[{"count":8,"href":"https:\/\/rbc.cm-cantanhede.pt\/index.php?rest_route=\/wp\/v2\/pages\/29\/revisions"}],"predecessor-version":[{"id":440,"href":"https:\/\/rbc.cm-cantanhede.pt\/index.php?rest_route=\/wp\/v2\/pages\/29\/revisions\/440"}],"wp:attachment":[{"href":"https:\/\/rbc.cm-cantanhede.pt\/index.php?rest_route=%2Fwp%2Fv2%2Fmedia&parent=29"}],"curies":[{"name":"wp","href":"https:\/\/api.w.org\/{rel}","templated":true}]}}