{"id":25,"date":"2021-01-20T11:00:33","date_gmt":"2021-01-20T11:00:33","guid":{"rendered":"http:\/\/cm-cantanhede.pt\/rbc3\/?page_id=25"},"modified":"2021-01-21T10:06:02","modified_gmt":"2021-01-21T10:06:02","slug":"biblioteca-da-eb1-cantanhede-sul-agrupamento-marques-de-marialva","status":"publish","type":"page","link":"https:\/\/rbc.cm-cantanhede.pt\/?page_id=25","title":{"rendered":"Biblioteca da EB1 Cantanhede Sul"},"content":{"rendered":"\n<p><strong>A nossa hist\u00f3ria<\/strong><br>A <strong>Biblioteca da EB1 Cantanhede Sul<\/strong>, pertence ao <strong>Agrupamento Marqu\u00eas de Marialva<\/strong>,  existe desde que a escola come\u00e7ou a funcionar, em 1989. Inicialmente instalada numa pequena sala do r\u00e9s-do-ch\u00e3o, com um n\u00famero reduzido de livros e sem quaisquer outros equipamentos, constituiu-se desde logo numa estrutura com grande import\u00e2ncia no apoio \u00e0s atividades letivas e na promo\u00e7\u00e3o da leitura junto dos alunos.<br>Ano ap\u00f3s ano, foram sendo adquiridos novos equipamentos e o fundo documental foi sendo ampliado com o apoio dos alunos, a Associa\u00e7\u00e3o de Pais e outras ofertas.<\/p>\n\n\n\n<div class=\"wp-block-image\"><figure class=\"aligncenter size-large is-resized\"><img fetchpriority=\"high\" decoding=\"async\" src=\"https:\/\/rbc.cm-cantanhede.pt\/wp-content\/uploads\/\/2021\/01\/CantanhedeSul02_720x200.jpg\" alt=\"\" class=\"wp-image-179\" width=\"848\" height=\"236\" srcset=\"https:\/\/rbc.cm-cantanhede.pt\/wp-content\/uploads\/2021\/01\/CantanhedeSul02_720x200.jpg 720w, https:\/\/rbc.cm-cantanhede.pt\/wp-content\/uploads\/2021\/01\/CantanhedeSul02_720x200-300x83.jpg 300w, https:\/\/rbc.cm-cantanhede.pt\/wp-content\/uploads\/2021\/01\/CantanhedeSul02_720x200-600x167.jpg 600w, https:\/\/rbc.cm-cantanhede.pt\/wp-content\/uploads\/2021\/01\/CantanhedeSul02_720x200-400x111.jpg 400w\" sizes=\"(max-width: 848px) 100vw, 848px\" \/><\/figure><\/div>\n\n\n\n<p>Em 2006, com o dinamismo da Associa\u00e7\u00e3o de Pais e professores e com a colabora\u00e7\u00e3o da C\u00e2mara Municipal de Cantanhede, a biblioteca ganhou um espa\u00e7o maior, j\u00e1 no 1\u00ba andar, sendo remodelada em termos de mobili\u00e1rio e equipamento.<br>A dinamiza\u00e7\u00e3o de atividades na biblioteca, para al\u00e9m de ser feita pelos professores titulares de turma, teve tamb\u00e9m, ao longo de v\u00e1rios anos, o contributo precioso da professora aposentada S\u00e3o Jos\u00e9 Fonseca, em regime de voluntariado.<\/p>\n\n\n\n<p>Um novo impulso foi dado com a integra\u00e7\u00e3o da Biblioteca na Rede de Bibliotecas Escolares (RBE) em 2009. Com este apoio, a Biblioteca foi apetrechada com novos equipamentos, mobili\u00e1rio e fundo documental. Al\u00e9m disso, esta candidatura permitiu a coloca\u00e7\u00e3o de mais um professor bibliotec\u00e1rio no Agrupamento, o que se traduziu na possibilidade de todas as turmas do 1\u00ba CEB e Pr\u00e9-escolar poderem usufruir a de atividades de forma\u00e7\u00e3o ao n\u00edvel das literacias da informa\u00e7\u00e3o, digital e de leitura.<\/p>\n\n\n\n<p>Tamb\u00e9m a abertura deste espa\u00e7o, durante o per\u00edodo de almo\u00e7o, permitiu aos alunos poderem desfrutar das v\u00e1rias \u00e1reas em livre acesso, criando h\u00e1bitos importantes para o futuro.<\/p>\n\n\n\n<p>Professores Bibliotec\u00e1rios das Bibliotecas do Agrupamento Marqu\u00eas de Marialva:<br>M\u00aa da Gra\u00e7a Silva (Coordenadora), Florinda Carvalho<br><\/p>\n\n\n\n<p><strong>Contactos:<\/strong><br>Rua Professor Mota Pinto, 3060-188 Cantanhede\u00a0\u00a0 GPS:\u00a0 40.341732 -8.593035<br>Telf: 231 429 811<br>E-mail: <a href=\"mailto:be23cantanhede@gmail.com\" target=\"_blank\" rel=\"noreferrer noopener\">be23cantanhede@gmail.com<\/a> (Biblioteca) | <a href=\"mailto:e.cantanhedesul@sapo.pt\" target=\"_blank\" rel=\"noreferrer noopener\">e.cantanhedesul@sapo.pt<\/a> (Escola)<br><\/p>\n\n\n\n<p><strong>Espa\u00e7os na Internet:<\/strong><br>Plataforma Moodle do Agrupamento: <a href=\"http:\/\/eb23cantanhede-m.ccems.pt\/course\/category.php?id=76\" target=\"_blank\" rel=\"noreferrer noopener\">http:\/\/eb23cantanhede-m.ccems.pt\/course\/category.php?id=76<\/a><br>Blogue das BE: <a href=\"http:\/\/be23cantanhede.blogspot.com\" target=\"_blank\" rel=\"noreferrer noopener\">http:\/\/be23cantanhede.blogspot.com<\/a><br>Blogue das BE (recursos digitais): <a href=\"http:\/\/aemmrecursosdigitais.blogspot.pt\/\">http:\/\/aemmrecursosdigitais.blogspot.pt\/<\/a><\/p>\n","protected":false},"excerpt":{"rendered":"<p>A nossa hist\u00f3riaA Biblioteca da EB1 Cantanhede Sul, pertence ao Agrupamento Marqu\u00eas de Marialva, existe desde que a escola come\u00e7ou a funcionar, em 1989. Inicialmente instalada numa pequena sala do&hellip;<a href=\"https:\/\/rbc.cm-cantanhede.pt\/?page_id=25\" class=\"more-link\"><span class=\"more-button\">Continuar a ler&#8230;<span class=\"screen-reader-text\">Biblioteca da EB1 Cantanhede Sul<\/span><\/span><\/a><\/p>\n","protected":false},"author":1,"featured_media":0,"parent":0,"menu_order":8,"comment_status":"closed","ping_status":"closed","template":"","meta":{"footnotes":""},"class_list":["post-25","page","type-page","status-publish","hentry"],"_links":{"self":[{"href":"https:\/\/rbc.cm-cantanhede.pt\/index.php?rest_route=\/wp\/v2\/pages\/25","targetHints":{"allow":["GET"]}}],"collection":[{"href":"https:\/\/rbc.cm-cantanhede.pt\/index.php?rest_route=\/wp\/v2\/pages"}],"about":[{"href":"https:\/\/rbc.cm-cantanhede.pt\/index.php?rest_route=\/wp\/v2\/types\/page"}],"author":[{"embeddable":true,"href":"https:\/\/rbc.cm-cantanhede.pt\/index.php?rest_route=\/wp\/v2\/users\/1"}],"replies":[{"embeddable":true,"href":"https:\/\/rbc.cm-cantanhede.pt\/index.php?rest_route=%2Fwp%2Fv2%2Fcomments&post=25"}],"version-history":[{"count":5,"href":"https:\/\/rbc.cm-cantanhede.pt\/index.php?rest_route=\/wp\/v2\/pages\/25\/revisions"}],"predecessor-version":[{"id":293,"href":"https:\/\/rbc.cm-cantanhede.pt\/index.php?rest_route=\/wp\/v2\/pages\/25\/revisions\/293"}],"wp:attachment":[{"href":"https:\/\/rbc.cm-cantanhede.pt\/index.php?rest_route=%2Fwp%2Fv2%2Fmedia&parent=25"}],"curies":[{"name":"wp","href":"https:\/\/api.w.org\/{rel}","templated":true}]}}