{"id":1381,"date":"2026-02-04T10:12:51","date_gmt":"2026-02-04T10:12:51","guid":{"rendered":"https:\/\/rbc.cm-cantanhede.pt\/?page_id=1381"},"modified":"2026-02-04T10:25:40","modified_gmt":"2026-02-04T10:25:40","slug":"biblioled","status":"publish","type":"page","link":"https:\/\/rbc.cm-cantanhede.pt\/?page_id=1381","title":{"rendered":"Biblioled"},"content":{"rendered":"\n<p><\/p>\n\n\n\n<p>A <strong>BiblioLED \u2013 Biblioteca P\u00fablica de Leitura e Empr\u00e9stimo Digital<\/strong> <\/p>\n\n\n\n<p>\u00c9 uma plataforma p\u00fablica digital que oferece empr\u00e9stimo gratuito de <em>ebooks<\/em> e audiolivros atrav\u00e9s das bibliotecas municipais que fazem parte da Rede Nacional de Bibliotecas P\u00fablicas (RNBP), com o objetivo de fomentar h\u00e1bitos de leitura, promover servi\u00e7os de qualidade nas bibliotecas e tornar o acesso \u00e0 leitura digital simples e acess\u00edvel a qualquer hora e em qualquer lugar. O cat\u00e1logo combina uma cole\u00e7\u00e3o nacional comum a todas as bibliotecas com 25 cole\u00e7\u00f5es regionais espec\u00edficas, acess\u00edveis consoante a rede intermunicipal ou metropolitana a que a biblioteca do utilizador pertence.<\/p>\n\n\n\n<p>O servi\u00e7o funciona online (site ou <em>app<\/em> m\u00f3vel) e em v\u00e1rios dispositivos (<em>smartphone<\/em>, tablet, computador ou <em>e-reader<\/em> compat\u00edvel), mas requer que o utilizador esteja registado numa biblioteca aderente \u00e0 RNBP e use credenciais v\u00e1lidas para aceder, pedir empr\u00e9stimos ou reservar t\u00edtulos. O acesso \u00e9 gratuito e a plataforma procura complementar os servi\u00e7os presenciais das bibliotecas municipais, incentivando tamb\u00e9m a literacia digital.<\/p>\n\n\n\n<p><a href=\"https:\/\/rc.biblioled.gov.pt\">https:\/\/rc.biblioled.gov.pt<\/a><\/p>\n","protected":false},"excerpt":{"rendered":"<p>A BiblioLED \u2013 Biblioteca P\u00fablica de Leitura e Empr\u00e9stimo Digital \u00c9 uma plataforma p\u00fablica digital que oferece empr\u00e9stimo gratuito de ebooks e audiolivros atrav\u00e9s das bibliotecas municipais que fazem parte&hellip;<a href=\"https:\/\/rbc.cm-cantanhede.pt\/?page_id=1381\" class=\"more-link\"><span class=\"more-button\">Continuar a ler&#8230;<span class=\"screen-reader-text\">Biblioled<\/span><\/span><\/a><\/p>\n","protected":false},"author":1,"featured_media":1397,"parent":0,"menu_order":0,"comment_status":"closed","ping_status":"closed","template":"","meta":{"footnotes":""},"class_list":["post-1381","page","type-page","status-publish","has-post-thumbnail","hentry"],"_links":{"self":[{"href":"https:\/\/rbc.cm-cantanhede.pt\/index.php?rest_route=\/wp\/v2\/pages\/1381","targetHints":{"allow":["GET"]}}],"collection":[{"href":"https:\/\/rbc.cm-cantanhede.pt\/index.php?rest_route=\/wp\/v2\/pages"}],"about":[{"href":"https:\/\/rbc.cm-cantanhede.pt\/index.php?rest_route=\/wp\/v2\/types\/page"}],"author":[{"embeddable":true,"href":"https:\/\/rbc.cm-cantanhede.pt\/index.php?rest_route=\/wp\/v2\/users\/1"}],"replies":[{"embeddable":true,"href":"https:\/\/rbc.cm-cantanhede.pt\/index.php?rest_route=%2Fwp%2Fv2%2Fcomments&post=1381"}],"version-history":[{"count":4,"href":"https:\/\/rbc.cm-cantanhede.pt\/index.php?rest_route=\/wp\/v2\/pages\/1381\/revisions"}],"predecessor-version":[{"id":1394,"href":"https:\/\/rbc.cm-cantanhede.pt\/index.php?rest_route=\/wp\/v2\/pages\/1381\/revisions\/1394"}],"wp:featuredmedia":[{"embeddable":true,"href":"https:\/\/rbc.cm-cantanhede.pt\/index.php?rest_route=\/wp\/v2\/media\/1397"}],"wp:attachment":[{"href":"https:\/\/rbc.cm-cantanhede.pt\/index.php?rest_route=%2Fwp%2Fv2%2Fmedia&parent=1381"}],"curies":[{"name":"wp","href":"https:\/\/api.w.org\/{rel}","templated":true}]}}