{"id":1378,"date":"2026-02-04T10:10:33","date_gmt":"2026-02-04T10:10:33","guid":{"rendered":"https:\/\/rbc.cm-cantanhede.pt\/?page_id=1378"},"modified":"2026-02-04T10:25:06","modified_gmt":"2026-02-04T10:25:06","slug":"pressreader","status":"publish","type":"page","link":"https:\/\/rbc.cm-cantanhede.pt\/?page_id=1378","title":{"rendered":"PressReader"},"content":{"rendered":"\n<p><strong>PressReader <\/strong>\u00e9 uma plataforma tecnol\u00f3gica global que agrega e distribui vers\u00f5es digitais de milhares de jornais e revistas de dezenas de pa\u00edses e l\u00ednguas num \u00fanico servi\u00e7o acess\u00edvel via web e apps, permitindo leitura integral, pesquisa e personaliza\u00e7\u00e3o de conte\u00fados a partir de qualquer dispositivo; al\u00e9m de ser um \u201ckiosco\u201d digital para leitores, oferece \u00e0s bibliotecas, hot\u00e9is, companhias a\u00e9reas e empresas ferramentas para distribuir e monetizar conte\u00fados editoriais no mundo inteiro.<\/p>\n\n\n\n<p><a href=\"https:\/\/www.pressreader.com\/catalog\">https:\/\/www.pressreader.com\/catalog<\/a><\/p>\n\n\n\n<p><\/p>\n","protected":false},"excerpt":{"rendered":"<p>PressReader \u00e9 uma plataforma tecnol\u00f3gica global que agrega e distribui vers\u00f5es digitais de milhares de jornais e revistas de dezenas de pa\u00edses e l\u00ednguas num \u00fanico servi\u00e7o acess\u00edvel via web&hellip;<a href=\"https:\/\/rbc.cm-cantanhede.pt\/?page_id=1378\" class=\"more-link\"><span class=\"more-button\">Continuar a ler&#8230;<span class=\"screen-reader-text\">PressReader<\/span><\/span><\/a><\/p>\n","protected":false},"author":1,"featured_media":1396,"parent":0,"menu_order":0,"comment_status":"closed","ping_status":"closed","template":"","meta":{"footnotes":""},"class_list":["post-1378","page","type-page","status-publish","has-post-thumbnail","hentry"],"_links":{"self":[{"href":"https:\/\/rbc.cm-cantanhede.pt\/index.php?rest_route=\/wp\/v2\/pages\/1378","targetHints":{"allow":["GET"]}}],"collection":[{"href":"https:\/\/rbc.cm-cantanhede.pt\/index.php?rest_route=\/wp\/v2\/pages"}],"about":[{"href":"https:\/\/rbc.cm-cantanhede.pt\/index.php?rest_route=\/wp\/v2\/types\/page"}],"author":[{"embeddable":true,"href":"https:\/\/rbc.cm-cantanhede.pt\/index.php?rest_route=\/wp\/v2\/users\/1"}],"replies":[{"embeddable":true,"href":"https:\/\/rbc.cm-cantanhede.pt\/index.php?rest_route=%2Fwp%2Fv2%2Fcomments&post=1378"}],"version-history":[{"count":2,"href":"https:\/\/rbc.cm-cantanhede.pt\/index.php?rest_route=\/wp\/v2\/pages\/1378\/revisions"}],"predecessor-version":[{"id":1395,"href":"https:\/\/rbc.cm-cantanhede.pt\/index.php?rest_route=\/wp\/v2\/pages\/1378\/revisions\/1395"}],"wp:featuredmedia":[{"embeddable":true,"href":"https:\/\/rbc.cm-cantanhede.pt\/index.php?rest_route=\/wp\/v2\/media\/1396"}],"wp:attachment":[{"href":"https:\/\/rbc.cm-cantanhede.pt\/index.php?rest_route=%2Fwp%2Fv2%2Fmedia&parent=1378"}],"curies":[{"name":"wp","href":"https:\/\/api.w.org\/{rel}","templated":true}]}}