{"id":11,"date":"2021-01-20T10:53:22","date_gmt":"2021-01-20T10:53:22","guid":{"rendered":"http:\/\/cm-cantanhede.pt\/rbc3\/?page_id=11"},"modified":"2022-07-14T09:55:43","modified_gmt":"2022-07-14T09:55:43","slug":"rede-concelhia","status":"publish","type":"page","link":"https:\/\/rbc.cm-cantanhede.pt\/?page_id=11","title":{"rendered":"Rede de Bibliotecas de Cantanhede"},"content":{"rendered":"\n<p><\/p>\n\n\n\n<p>A <strong>Rede de Bibliotecas de Cantanhede (RBC)<\/strong>, formalmente constitu\u00edda em Janeiro de 2011, tem os seus prim\u00f3rdios no ano de 2005, quando o seu Grupo de Trabalho,&nbsp;formado pelos bibliotec\u00e1rios do concelho, come\u00e7ou a viabilizar din\u00e2micas colaborativas na organiza\u00e7\u00e3o de atividades culturais, com destaque para as que promovem o livro e a leitura e gest\u00e3o e disponibiliza\u00e7\u00e3o de recursos documentais.<\/p>\n\n\n\n<p>A <strong>RBC<\/strong> tem vindo a estreitar os la\u00e7os da partilha, tal como exemplifica este Portal. <\/p>\n\n\n\n<p>Para al\u00e9m de proporcionar aos seus leitores not\u00edcias sobre as atividades desenvolvidas nas bibliotecas do munic\u00edpio de Cantanhede, inclui, em linha, o cat\u00e1logo coletivo atrav\u00e9s do qual os utilizadores podem aceder ao fundo documental, pesquisando por Biblioteca, autor, tipo de documento, etc.<\/p>\n\n\n\n<p>Desejando-se refor\u00e7ar e estreitar a liga\u00e7\u00e3o entre o Munic\u00edpio de Cantanhede, atrav\u00e9s da sua Biblioteca Municipal, com as dire\u00e7\u00f5es dos Agrupamentos de Escolas Marqu\u00eas de Marialva, Cantanhede,\u00a0 Lima-de-Faria, Cantanhede e G\u00e2ndara Mar, Tocha, bem como do Centro de Forma\u00e7\u00e3o da Associa\u00e7\u00e3o de Escolas Beira Mar, foi assinado um Protocolo de Coopera\u00e7\u00e3o. Este consigna os prop\u00f3sitos inerentes \u00e0 RBC, a qual poder\u00e1 ainda acolher outros parceiros que pretendam contribuir para a prossecu\u00e7\u00e3o dos objetivos do Grupo de Trabalho.<\/p>\n\n\n\n<p>Sendo a informa\u00e7\u00e3o um recurso estrat\u00e9gico para a educa\u00e7\u00e3o, a cidadania, a coes\u00e3o social e o desenvolvimento econ\u00f3mico, \u00e9 convic\u00e7\u00e3o desta Rede que a biblioteca, seja ela p\u00fablica, escolar ou de outra tipologia, se constitui como um ve\u00edculo privilegiado de acesso \u00e0 informa\u00e7\u00e3o, desempenhando, concomitantemente, um papel fundamental na aprendizagem ao longo da vida e no desenvolvimento de compet\u00eancias na \u00e1rea das v\u00e1rias literacias, nomeadamente da informa\u00e7\u00e3o, da leitura, da escrita, digital e dos media.<\/p>\n\n\n\n<p><\/p>\n\n\n\n<div class=\"wp-block-columns is-layout-flex wp-container-core-columns-is-layout-9d6595d7 wp-block-columns-is-layout-flex\">\n<div class=\"wp-block-column is-layout-flow wp-block-column-is-layout-flow\" style=\"flex-basis:100%\">\n<div class=\"wp-block-group is-layout-flow wp-block-group-is-layout-flow\"><div class=\"wp-block-group__inner-container\"><\/div><\/div>\n\n\n\n<p><\/p>\n<\/div>\n<\/div>\n\n\n\n<figure class=\"wp-block-gallery columns-3 is-cropped wp-block-gallery-1 is-layout-flex wp-block-gallery-is-layout-flex\"><ul class=\"blocks-gallery-grid\"><li class=\"blocks-gallery-item\"><figure><img fetchpriority=\"high\" decoding=\"async\" width=\"639\" height=\"434\" src=\"http:\/\/cm-cantanhede.pt\/rbc\/wp-content\/uploads\/2022\/07\/BMC3-1.jpg\" alt=\"\" data-id=\"1088\" data-full-url=\"http:\/\/cm-cantanhede.pt\/rbc\/wp-content\/uploads\/2022\/07\/BMC3-1.jpg\" data-link=\"http:\/\/cm-cantanhede.pt\/rbc\/?attachment_id=1088\" class=\"wp-image-1088\" srcset=\"https:\/\/rbc.cm-cantanhede.pt\/wp-content\/uploads\/2022\/07\/BMC3-1.jpg 639w, https:\/\/rbc.cm-cantanhede.pt\/wp-content\/uploads\/2022\/07\/BMC3-1-300x204.jpg 300w, https:\/\/rbc.cm-cantanhede.pt\/wp-content\/uploads\/2022\/07\/BMC3-1-600x408.jpg 600w, https:\/\/rbc.cm-cantanhede.pt\/wp-content\/uploads\/2022\/07\/BMC3-1-400x272.jpg 400w\" sizes=\"(max-width: 639px) 100vw, 639px\" \/><figcaption class=\"blocks-gallery-item__caption\">Biblioteca Municipal de Cantanhede<\/figcaption><\/figure><\/li><li class=\"blocks-gallery-item\"><figure><img decoding=\"async\" width=\"700\" height=\"430\" src=\"http:\/\/cm-cantanhede.pt\/rbc\/wp-content\/uploads\/2022\/07\/BMC1.jpg\" alt=\"\" data-id=\"1090\" data-full-url=\"http:\/\/cm-cantanhede.pt\/rbc\/wp-content\/uploads\/2022\/07\/BMC1.jpg\" data-link=\"http:\/\/cm-cantanhede.pt\/rbc\/?attachment_id=1090\" class=\"wp-image-1090\" srcset=\"https:\/\/rbc.cm-cantanhede.pt\/wp-content\/uploads\/2022\/07\/BMC1.jpg 700w, https:\/\/rbc.cm-cantanhede.pt\/wp-content\/uploads\/2022\/07\/BMC1-300x184.jpg 300w, https:\/\/rbc.cm-cantanhede.pt\/wp-content\/uploads\/2022\/07\/BMC1-600x369.jpg 600w, https:\/\/rbc.cm-cantanhede.pt\/wp-content\/uploads\/2022\/07\/BMC1-400x246.jpg 400w\" sizes=\"(max-width: 700px) 100vw, 700px\" \/><figcaption class=\"blocks-gallery-item__caption\">Sala de Leitura da BMC<\/figcaption><\/figure><\/li><li class=\"blocks-gallery-item\"><figure><img decoding=\"async\" width=\"700\" height=\"430\" src=\"http:\/\/cm-cantanhede.pt\/rbc\/wp-content\/uploads\/2022\/07\/BMC2.png\" alt=\"\" data-id=\"1089\" data-full-url=\"http:\/\/cm-cantanhede.pt\/rbc\/wp-content\/uploads\/2022\/07\/BMC2.png\" data-link=\"http:\/\/cm-cantanhede.pt\/rbc\/?attachment_id=1089\" class=\"wp-image-1089\" srcset=\"https:\/\/rbc.cm-cantanhede.pt\/wp-content\/uploads\/2022\/07\/BMC2.png 700w, https:\/\/rbc.cm-cantanhede.pt\/wp-content\/uploads\/2022\/07\/BMC2-300x184.png 300w, https:\/\/rbc.cm-cantanhede.pt\/wp-content\/uploads\/2022\/07\/BMC2-600x369.png 600w, https:\/\/rbc.cm-cantanhede.pt\/wp-content\/uploads\/2022\/07\/BMC2-400x246.png 400w\" sizes=\"(max-width: 700px) 100vw, 700px\" \/><figcaption class=\"blocks-gallery-item__caption\">Espa\u00e7o de exposi\u00e7\u00f5es da BMC<\/figcaption><\/figure><\/li><\/ul><figcaption class=\"blocks-gallery-caption\">Biblioteca Municipal de Cantanhede<\/figcaption><\/figure>\n\n\n\n<figure class=\"wp-block-gallery columns-2 is-cropped wp-block-gallery-2 is-layout-flex wp-block-gallery-is-layout-flex\"><ul class=\"blocks-gallery-grid\"><li class=\"blocks-gallery-item\"><figure><img loading=\"lazy\" decoding=\"async\" width=\"1024\" height=\"522\" src=\"http:\/\/cm-cantanhede.pt\/rbc\/wp-content\/uploads\/2022\/07\/BECO-1024x522.jpg\" alt=\"\" data-id=\"1094\" data-full-url=\"http:\/\/cm-cantanhede.pt\/rbc\/wp-content\/uploads\/2022\/07\/BECO.jpg\" data-link=\"http:\/\/cm-cantanhede.pt\/rbc\/?attachment_id=1094\" class=\"wp-image-1094\" srcset=\"https:\/\/rbc.cm-cantanhede.pt\/wp-content\/uploads\/2022\/07\/BECO-1024x522.jpg 1024w, https:\/\/rbc.cm-cantanhede.pt\/wp-content\/uploads\/2022\/07\/BECO-300x153.jpg 300w, https:\/\/rbc.cm-cantanhede.pt\/wp-content\/uploads\/2022\/07\/BECO-768x391.jpg 768w, https:\/\/rbc.cm-cantanhede.pt\/wp-content\/uploads\/2022\/07\/BECO-1536x782.jpg 1536w, https:\/\/rbc.cm-cantanhede.pt\/wp-content\/uploads\/2022\/07\/BECO-825x420.jpg 825w, https:\/\/rbc.cm-cantanhede.pt\/wp-content\/uploads\/2022\/07\/BECO-1920x978.jpg 1920w, https:\/\/rbc.cm-cantanhede.pt\/wp-content\/uploads\/2022\/07\/BECO-600x306.jpg 600w, https:\/\/rbc.cm-cantanhede.pt\/wp-content\/uploads\/2022\/07\/BECO-400x204.jpg 400w, https:\/\/rbc.cm-cantanhede.pt\/wp-content\/uploads\/2022\/07\/BECO.jpg 2048w\" sizes=\"(max-width: 1024px) 100vw, 1024px\" \/><figcaption class=\"blocks-gallery-item__caption\">Biblioteca Escolar da EB Carlos de Oliveira, Febres<\/figcaption><\/figure><\/li><li class=\"blocks-gallery-item\"><figure><img loading=\"lazy\" decoding=\"async\" width=\"1024\" height=\"479\" src=\"http:\/\/cm-cantanhede.pt\/rbc\/wp-content\/uploads\/2022\/07\/BECP_sala2b-1024x479-1.jpg\" alt=\"\" data-id=\"1095\" data-full-url=\"http:\/\/cm-cantanhede.pt\/rbc\/wp-content\/uploads\/2022\/07\/BECP_sala2b-1024x479-1.jpg\" data-link=\"http:\/\/cm-cantanhede.pt\/rbc\/?attachment_id=1095\" class=\"wp-image-1095\" srcset=\"https:\/\/rbc.cm-cantanhede.pt\/wp-content\/uploads\/2022\/07\/BECP_sala2b-1024x479-1.jpg 1024w, https:\/\/rbc.cm-cantanhede.pt\/wp-content\/uploads\/2022\/07\/BECP_sala2b-1024x479-1-300x140.jpg 300w, https:\/\/rbc.cm-cantanhede.pt\/wp-content\/uploads\/2022\/07\/BECP_sala2b-1024x479-1-768x359.jpg 768w, https:\/\/rbc.cm-cantanhede.pt\/wp-content\/uploads\/2022\/07\/BECP_sala2b-1024x479-1-825x386.jpg 825w, https:\/\/rbc.cm-cantanhede.pt\/wp-content\/uploads\/2022\/07\/BECP_sala2b-1024x479-1-600x281.jpg 600w, https:\/\/rbc.cm-cantanhede.pt\/wp-content\/uploads\/2022\/07\/BECP_sala2b-1024x479-1-400x187.jpg 400w\" sizes=\"(max-width: 1024px) 100vw, 1024px\" \/><figcaption class=\"blocks-gallery-item__caption\">Sala 2 da Biblioteca Escolar Clara P\u00f3voa da ES Lima-de-Faria, Cantanhede<\/figcaption><\/figure><\/li><\/ul><\/figure>\n","protected":false},"excerpt":{"rendered":"<p>A Rede de Bibliotecas de Cantanhede (RBC), formalmente constitu\u00edda em Janeiro de 2011, tem os seus prim\u00f3rdios no ano de 2005, quando o seu Grupo de Trabalho,&nbsp;formado pelos bibliotec\u00e1rios do&hellip;<a href=\"https:\/\/rbc.cm-cantanhede.pt\/?page_id=11\" class=\"more-link\"><span class=\"more-button\">Continuar a ler&#8230;<span class=\"screen-reader-text\">Rede de Bibliotecas de Cantanhede<\/span><\/span><\/a><\/p>\n","protected":false},"author":1,"featured_media":0,"parent":0,"menu_order":2,"comment_status":"closed","ping_status":"closed","template":"","meta":{"footnotes":""},"class_list":["post-11","page","type-page","status-publish","hentry"],"_links":{"self":[{"href":"https:\/\/rbc.cm-cantanhede.pt\/index.php?rest_route=\/wp\/v2\/pages\/11","targetHints":{"allow":["GET"]}}],"collection":[{"href":"https:\/\/rbc.cm-cantanhede.pt\/index.php?rest_route=\/wp\/v2\/pages"}],"about":[{"href":"https:\/\/rbc.cm-cantanhede.pt\/index.php?rest_route=\/wp\/v2\/types\/page"}],"author":[{"embeddable":true,"href":"https:\/\/rbc.cm-cantanhede.pt\/index.php?rest_route=\/wp\/v2\/users\/1"}],"replies":[{"embeddable":true,"href":"https:\/\/rbc.cm-cantanhede.pt\/index.php?rest_route=%2Fwp%2Fv2%2Fcomments&post=11"}],"version-history":[{"count":31,"href":"https:\/\/rbc.cm-cantanhede.pt\/index.php?rest_route=\/wp\/v2\/pages\/11\/revisions"}],"predecessor-version":[{"id":1096,"href":"https:\/\/rbc.cm-cantanhede.pt\/index.php?rest_route=\/wp\/v2\/pages\/11\/revisions\/1096"}],"wp:attachment":[{"href":"https:\/\/rbc.cm-cantanhede.pt\/index.php?rest_route=%2Fwp%2Fv2%2Fmedia&parent=11"}],"curies":[{"name":"wp","href":"https:\/\/api.w.org\/{rel}","templated":true}]}}